{"id":923,"date":"2021-05-28T09:43:22","date_gmt":"2021-05-28T07:43:22","guid":{"rendered":"https:\/\/www.ljtopwood.com\/contacto\/"},"modified":"2021-06-18T10:55:17","modified_gmt":"2021-06-18T08:55:17","slug":"contact","status":"publish","type":"page","link":"https:\/\/www.ljtopwood.com\/fr\/contact\/","title":{"rendered":"Contact"},"content":{"rendered":"\n<div class=\"wp-block-columns is-layout-flex wp-container-core-columns-is-layout-9d6595d7 wp-block-columns-is-layout-flex\">\n<div class=\"wp-block-column is-layout-flow wp-block-column-is-layout-flow\">\n<p>Chez <strong>L&amp;J Topwood<\/strong> nous sommes sp\u00e9cialis\u00e9s dans la fabrication de produits en ch\u00eane et en h\u00eatre \u00e9tuv\u00e9 massifs, mais nous travaillons aussi souvent les bois r\u00e9sineux comme le pin, ou les bois tropicaux comme l&rsquo;ayous, l&rsquo;iroko, le sapelli, etc. N&rsquo;h\u00e9sitez pas \u00e0 nous contacter si vous avez besoin de l&rsquo;un de nos produits dans une autre essence de bois puisque nous pouvons le faire sur commande.<\/p>\n\n\n\n<p>Pour tout renseignement, conseil ou demande de prix, contactez-nous via ce formulaire, en reprenant les informations suivantes:<\/p>\n\n\n\n<ol class=\"wp-block-list\"><li><strong>Quantit\u00e9 de m\u00e8tres ou de pi\u00e8ces n\u00e9cessaires<\/strong><\/li><li><strong>Produit \/ r\u00e9f\u00e9rence<\/strong><\/li><li><strong>Section (si diff\u00e9rente de nos mod\u00e8les standards)<\/strong><\/li><li><strong>Essences de bois (si diff\u00e9rent de nos mod\u00e8les standards)<\/strong><\/li><\/ol>\n\n\n\n<p>Notre service client vous r\u00e9pondra dans les plus brefs d\u00e9lais.<\/p>\n\n\n\n<p>Pour vous offrir un meilleur service, nous pouvons r\u00e9pondre \u00e0 toutes vos demandes dans diff\u00e9rentes langues : anglais, fran\u00e7ais, portugais et italien.<\/p>\n<\/div>\n\n\n\n<div class=\"wp-block-column is-layout-flow wp-block-column-is-layout-flow\">\n<div class=\"wpcf7 no-js\" id=\"wpcf7-f949-o1\" lang=\"es-ES\" dir=\"ltr\" data-wpcf7-id=\"949\">\n<div class=\"screen-reader-response\"><p role=\"status\" aria-live=\"polite\" aria-atomic=\"true\"><\/p> <ul><\/ul><\/div>\n<form action=\"\/fr\/wp-json\/wp\/v2\/pages\/923#wpcf7-f949-o1\" method=\"post\" class=\"wpcf7-form init\" aria-label=\"Formulario de contacto\" novalidate=\"novalidate\" data-status=\"init\">\n<fieldset class=\"hidden-fields-container\"><input type=\"hidden\" name=\"_wpcf7\" value=\"949\" \/><input type=\"hidden\" name=\"_wpcf7_version\" value=\"6.1.5\" \/><input type=\"hidden\" name=\"_wpcf7_locale\" value=\"es_ES\" \/><input type=\"hidden\" name=\"_wpcf7_unit_tag\" value=\"wpcf7-f949-o1\" \/><input type=\"hidden\" name=\"_wpcf7_container_post\" value=\"0\" \/><input type=\"hidden\" name=\"_wpcf7_posted_data_hash\" value=\"\" \/><input type=\"hidden\" name=\"_wpcf7_recaptcha_response\" value=\"\" \/>\n<\/fieldset>\n<div class=\"contact-form-group\">\n\t<div class=\"row\">\n\t\t<div class=\"col-md-12\">\n\t\t\t<div class=\"form-group\">\n\t\t\t\t<p><label>Veuillez choisir une option<\/label><br \/>\n<span class=\"wpcf7-form-control-wrap\" data-name=\"TipoProfesional\"><select class=\"wpcf7-form-control wpcf7-select wpcf7-validates-as-required form-group\" id=\"profesional\" aria-required=\"true\" aria-invalid=\"false\" name=\"TipoProfesional\"><option value=\"Particulier\">Particulier<\/option><option value=\"Entreprise\">Entreprise<\/option><\/select><\/span>\n\t\t\t\t<\/p>\n\t\t\t<\/div>\n\t\t<\/div>\n\t\t<div class=\"col-md-6\">\n\t\t\t<div class=\"form-group\">\n\t\t\t\t<p><label>Nom:<\/label><br \/>\n<span class=\"wpcf7-form-control-wrap\" data-name=\"nombre\"><input size=\"40\" maxlength=\"400\" class=\"wpcf7-form-control wpcf7-text wpcf7-validates-as-required\" aria-required=\"true\" aria-invalid=\"false\" value=\"\" type=\"text\" name=\"nombre\" \/><\/span>\n\t\t\t\t<\/p>\n\t\t\t<\/div>\n\t\t<\/div>\n\t\t<div class=\"col-md-6\">\n\t\t\t<div class=\"form-group\">\n\t\t\t\t<p><label>T\u00e9l\u00e9phone:<\/label><br \/>\n<span class=\"wpcf7-form-control-wrap\" data-name=\"telefono\"><input size=\"40\" maxlength=\"400\" class=\"wpcf7-form-control wpcf7-tel wpcf7-validates-as-required wpcf7-text wpcf7-validates-as-tel\" aria-required=\"true\" aria-invalid=\"false\" value=\"\" type=\"tel\" name=\"telefono\" \/><\/span>\n\t\t\t\t<\/p>\n\t\t\t<\/div>\n\t\t<\/div>\n\t\t<div class=\"col-md-12\">\n\t\t\t<div class=\"form-group\">\n\t\t\t\t<p><label>E-mail:<\/label><br \/>\n<span class=\"wpcf7-form-control-wrap\" data-name=\"email\"><input size=\"40\" maxlength=\"400\" class=\"wpcf7-form-control wpcf7-email wpcf7-validates-as-required wpcf7-text wpcf7-validates-as-email\" aria-required=\"true\" aria-invalid=\"false\" value=\"\" type=\"email\" name=\"email\" \/><\/span>\n\t\t\t\t<\/p>\n\t\t\t<\/div>\n\t\t<\/div>\n\t\t<div class=\"col-md-12\">\n\t\t\t<div class=\"form-group\">\n\t\t\t\t<p><label>Message:<\/label><br \/>\n<span class=\"wpcf7-form-control-wrap\" data-name=\"mensaje\"><textarea cols=\"40\" rows=\"10\" maxlength=\"2000\" class=\"wpcf7-form-control wpcf7-textarea wpcf7-validates-as-required\" aria-required=\"true\" aria-invalid=\"false\" name=\"mensaje\"><\/textarea><\/span>\n\t\t\t\t<\/p>\n\t\t\t<\/div>\n\t\t<\/div>\n\t\t<div class=\"col-md-12\">\n\t\t\t<div class=\"form-group\">\n\t\t\t\t<p><span class=\"wpcf7-form-control-wrap\" data-name=\"acepto\"><span class=\"wpcf7-form-control wpcf7-acceptance\"><span class=\"wpcf7-list-item\"><label><input type=\"checkbox\" name=\"acepto\" value=\"1\" aria-invalid=\"false\" \/><span class=\"wpcf7-list-item-label\">J'ai lu et j'accepte la\u00a0<a href=\"\/fr\/politique-confidentialite\/\" target=\"_black\">politique de confidentialit\u00e9<\/a><\/span><\/label><\/span><\/span><\/span>\n\t\t\t\t<\/p>\n\t\t\t<\/div>\n\t\t<\/div>\n\t\t<div class=\"col-md-12\">\n\t\t\t<div class=\"form-group text-right\">\n\t\t\t\t<p><input class=\"wpcf7-form-control wpcf7-submit has-spinner btn-action\" type=\"submit\" value=\"Envoyer\" \/>\n\t\t\t\t<\/p>\n\t\t\t<\/div>\n\t\t<\/div>\n\t<\/div>\n<\/div><div class=\"wpcf7-response-output\" aria-hidden=\"true\"><\/div>\n<\/form>\n<\/div>\n\n<\/div>\n<\/div>\n\n\n\n<hr class=\"wp-block-separator\"\/>\n\n\n\n<p>Notre <strong>usine <\/strong>est situ\u00e9e dans la zone industrielle Romica \u00e0 <a href=\"https:\/\/www.google.com\/maps\/dir\/\/ljtopwood\/data=!4m6!4m5!1m1!4e2!1m2!1m1!1s0xd6658ab9363c8d1:0xb7c3530fb883214b\">Albacete, Espagne.<\/a><\/p>\n\n\n\n<p><strong>Horaire d&rsquo;ouverture<\/strong><br>Du lundi au vendredi : 07:00h -15:00h<\/p>\n\n\n\n<iframe src=\"https:\/\/www.google.com\/maps\/embed?pb=!1m14!1m8!1m3!1d49566.973601547455!2d-1.864773935346867!3d39.06237606771685!3m2!1i1024!2i768!4f13.1!3m3!1m2!1s0x0%3A0xb7c3530fb883214b!2sL%26J%20TopWood!5e0!3m2!1ses!2ses!4v1622650591910!5m2!1ses!2ses\" width=\"100%\" height=\"600\" style=\"border:0;\" allowfullscreen=\"\" loading=\"lazy\"><\/iframe>\n","protected":false},"excerpt":{"rendered":"<p>Chez L&amp;J Topwood nous sommes sp\u00e9cialis\u00e9s dans la fabrication de produits en ch\u00eane et en h\u00eatre \u00e9tuv\u00e9 massifs, mais nous travaillons aussi souvent les bois r\u00e9sineux comme le pin, ou les bois tropicaux comme l&rsquo;ayous, l&rsquo;iroko, le sapelli, etc. N&rsquo;h\u00e9sitez pas \u00e0 nous contacter si vous avez besoin de l&rsquo;un de nos produits dans une [&hellip;]<\/p>\n","protected":false},"author":3,"featured_media":0,"parent":0,"menu_order":0,"comment_status":"closed","ping_status":"closed","template":"","meta":{"_acf_changed":false,"_genesis_hide_title":false,"_genesis_hide_breadcrumbs":false,"_genesis_hide_singular_image":false,"_genesis_hide_footer_widgets":false,"_genesis_custom_body_class":"","_genesis_custom_post_class":"","_genesis_layout":"","footnotes":""},"class_list":{"0":"post-923","1":"page","2":"type-page","3":"status-publish","5":"entry"},"acf":[],"_links":{"self":[{"href":"https:\/\/www.ljtopwood.com\/fr\/wp-json\/wp\/v2\/pages\/923","targetHints":{"allow":["GET"]}}],"collection":[{"href":"https:\/\/www.ljtopwood.com\/fr\/wp-json\/wp\/v2\/pages"}],"about":[{"href":"https:\/\/www.ljtopwood.com\/fr\/wp-json\/wp\/v2\/types\/page"}],"author":[{"embeddable":true,"href":"https:\/\/www.ljtopwood.com\/fr\/wp-json\/wp\/v2\/users\/3"}],"replies":[{"embeddable":true,"href":"https:\/\/www.ljtopwood.com\/fr\/wp-json\/wp\/v2\/comments?post=923"}],"version-history":[{"count":0,"href":"https:\/\/www.ljtopwood.com\/fr\/wp-json\/wp\/v2\/pages\/923\/revisions"}],"wp:attachment":[{"href":"https:\/\/www.ljtopwood.com\/fr\/wp-json\/wp\/v2\/media?parent=923"}],"curies":[{"name":"wp","href":"https:\/\/api.w.org\/{rel}","templated":true}]}}