{"id":211,"date":"2021-04-28T13:27:34","date_gmt":"2021-04-28T11:27:34","guid":{"rendered":"https:\/\/www.ljtopwood.com\/politica-cookies\/"},"modified":"2021-06-17T13:04:28","modified_gmt":"2021-06-17T11:04:28","slug":"politique-de-cookies","status":"publish","type":"page","link":"https:\/\/www.ljtopwood.com\/fr\/politique-de-cookies\/","title":{"rendered":"Politique de cookies"},"content":{"rendered":"\n<p>Les cookies sont de petites quantit\u00e9s d&rsquo;informations qui sont stock\u00e9es dans le navigateur utilis\u00e9 par chaque utilisateur afin que le serveur se souvienne de certaines informations qui peuvent \u00eatre utilis\u00e9es ult\u00e9rieurement.<\/p>\n\n\n\n<p><strong>TYPES DE COOKIES QUE NOUS UTILISONS<\/strong><\/p>\n\n\n\n<p>Ce site web utilise des cookies tiers, c&rsquo;est-\u00e0-dire ceux qui sont envoy\u00e9s \u00e0 votre ordinateur ou terminal depuis un domaine ou un site web qui n&rsquo;est pas g\u00e9r\u00e9 par nous, mais par une autre entit\u00e9 qui traite les donn\u00e9es obtenues par le biais des cookies.<\/p>\n\n\n\n<p>Dans ce cas, les cookies sont utilis\u00e9s \u00e0 des fins statistiques li\u00e9es aux visites que vous recevez et aux pages qui sont consult\u00e9es, \u00e9tant accept\u00e9 son utilisation lors de la navigation.<\/p>\n\n\n\n<figure class=\"wp-block-table\"><table><tbody><tr><td><strong>COOKIE<br>(ET FOURNISSEUR)<\/strong><\/td><td><strong>DURATION<\/strong><\/td><td><strong>DESCRIPTION<\/strong><\/td><\/tr><tr><td>personalization_id (twitter.com)<\/td><td>Session<\/td><td>Twitter<\/td><\/tr><tr><td>Facebook<\/td><td>Publicit\u00e9, statistiques et mesures<\/td><td>Place des cookies sur votre ordinateur ou votre appareil et re\u00e7oit les informations qui y sont stock\u00e9es lorsque vous utilisez ou visitez des services fournis par d&rsquo;autres entreprises qui utilisent les services de Facebook.<\/td><\/tr><tr><td>_ga (Google)<\/td><td>2 ans<\/td><td>Il est utilis\u00e9 pour distinguer les utilisateurs.<\/td><\/tr><tr><td>_gid (Google)<\/td><td>24 heures<\/td><td>Il est utilis\u00e9 pour distinguer les utilisateurs.<\/td><\/tr><tr><td>_gat (Google)<\/td><td>1 minute<\/td><td>Il est utilis\u00e9 pour limiter le pourcentage de demandes. Si vous avez mis en \u0153uvre Google Analytics \u00e0 l&rsquo;aide de Google Tag Manager, ce cookie sera appel\u00e9 <em>dc_gtm<\/em>.<\/td><\/tr><tr><td>_gali (Google)<\/td><td>30s<\/td><td>Am\u00e9lioration de l&rsquo;attribution des liens.<\/td><\/tr><tr><td>WordPress<\/td><td>2 ans<\/td><td>Utilis\u00e9 pour le bon fonctionnement du gestionnaire de contenu WordPress.<\/td><\/tr><\/tbody><\/table><\/figure>\n\n\n\n<p>Pour savoir comment supprimer les cookies de votre navigateur :<\/p>\n\n\n\n<ul class=\"wp-block-list\"><li><a href=\"https:\/\/support.mozilla.org\/es\/kb\/habilitar-y-deshabilitar-cookies-sitios-web-rastrear-preferencias\" target=\"_blank\" rel=\"noreferrer noopener\">Firefox<\/a><\/li><li><a href=\"https:\/\/support.google.com\/chrome\/answer\/95647?hl=es\" target=\"_blank\" rel=\"noreferrer noopener\">Chrome<\/a><\/li><li><a href=\"https:\/\/support.microsoft.com\/es-es\/topic\/eliminar-y-administrar-cookies-168dab11-0753-043d-7c16-ede5947fc64d\" target=\"_blank\" rel=\"noreferrer noopener\">Internet Explorer<\/a><\/li><li><a href=\"https:\/\/support.apple.com\/kb\/PH19214?viewlocale=es_ES&amp;locale=es_ES\" target=\"_blank\" rel=\"noreferrer noopener\">Safari<\/a><\/li><li><a href=\"https:\/\/www.allaboutcookies.org\/es\/administrar-las-cookies\/opera.html\" target=\"_blank\" rel=\"noreferrer noopener\">Opera<\/a><\/li><\/ul>\n","protected":false},"excerpt":{"rendered":"<p>Les cookies sont de petites quantit\u00e9s d&rsquo;informations qui sont stock\u00e9es dans le navigateur utilis\u00e9 par chaque utilisateur afin que le serveur se souvienne de certaines informations qui peuvent \u00eatre utilis\u00e9es ult\u00e9rieurement. TYPES DE COOKIES QUE NOUS UTILISONS Ce site web utilise des cookies tiers, c&rsquo;est-\u00e0-dire ceux qui sont envoy\u00e9s \u00e0 votre ordinateur ou terminal depuis [&hellip;]<\/p>\n","protected":false},"author":3,"featured_media":0,"parent":0,"menu_order":0,"comment_status":"closed","ping_status":"closed","template":"","meta":{"_acf_changed":false,"_genesis_hide_title":false,"_genesis_hide_breadcrumbs":false,"_genesis_hide_singular_image":false,"_genesis_hide_footer_widgets":false,"_genesis_custom_body_class":"","_genesis_custom_post_class":"","_genesis_layout":"","footnotes":""},"class_list":{"0":"post-211","1":"page","2":"type-page","3":"status-publish","5":"entry"},"acf":[],"_links":{"self":[{"href":"https:\/\/www.ljtopwood.com\/fr\/wp-json\/wp\/v2\/pages\/211","targetHints":{"allow":["GET"]}}],"collection":[{"href":"https:\/\/www.ljtopwood.com\/fr\/wp-json\/wp\/v2\/pages"}],"about":[{"href":"https:\/\/www.ljtopwood.com\/fr\/wp-json\/wp\/v2\/types\/page"}],"author":[{"embeddable":true,"href":"https:\/\/www.ljtopwood.com\/fr\/wp-json\/wp\/v2\/users\/3"}],"replies":[{"embeddable":true,"href":"https:\/\/www.ljtopwood.com\/fr\/wp-json\/wp\/v2\/comments?post=211"}],"version-history":[{"count":0,"href":"https:\/\/www.ljtopwood.com\/fr\/wp-json\/wp\/v2\/pages\/211\/revisions"}],"wp:attachment":[{"href":"https:\/\/www.ljtopwood.com\/fr\/wp-json\/wp\/v2\/media?parent=211"}],"curies":[{"name":"wp","href":"https:\/\/api.w.org\/{rel}","templated":true}]}}