{"id":193,"date":"2021-04-26T09:30:05","date_gmt":"2021-04-26T07:30:05","guid":{"rendered":"https:\/\/www.ljtopwood.com\/politica-privacidad\/"},"modified":"2021-06-17T13:04:04","modified_gmt":"2021-06-17T11:04:04","slug":"politique-confidentialite","status":"publish","type":"page","link":"https:\/\/www.ljtopwood.com\/fr\/politique-confidentialite\/","title":{"rendered":"Politique de confidentialit\u00e9"},"content":{"rendered":"\n<p><strong>1. INFORMATION DES UTILISATEURS<\/strong><\/p>\n\n\n\n<p>L&amp;J Topwood Export, S.L., en tant que contr\u00f4leur de donn\u00e9es, vous informe que, conform\u00e9ment aux dispositions du r\u00e8glement (UE) 2016\/679, du 27 avril, (RGPD) et de la L.O. 3\/2018, du 5 d\u00e9cembre, sur la protection des donn\u00e9es et la garantie des droits num\u00e9riques (LOPDGDD), nous traiterons vos donn\u00e9es comme nous le refl\u00e9tons dans cette politique de confidentialit\u00e9.<\/p>\n\n\n\n<p>Dans cette politique de confidentialit\u00e9, nous d\u00e9crivons comment nous collectons vos donn\u00e9es personnelles et pourquoi nous les collectons, ce que nous en faisons, avec qui nous les partageons, comment nous les prot\u00e9geons et vos choix concernant le traitement de vos donn\u00e9es personnelles.<\/p>\n\n\n\n<p>La pr\u00e9sente Politique s&rsquo;applique au traitement de vos donn\u00e9es personnelles collect\u00e9es par la Soci\u00e9t\u00e9 pour la fourniture de ses services. Si vous acceptez les mesures pr\u00e9vues dans la pr\u00e9sente politique, vous consentez \u00e0 ce que nous traitions vos donn\u00e9es personnelles comme d\u00e9fini dans la pr\u00e9sente politique.<\/p>\n\n\n\n<p><strong>2. CONTACTER<\/strong><\/p>\n\n\n\n<p>Nom de la soci\u00e9t\u00e9 : L&amp;J Topwood Export, S.L.<br>Nom commercial : L&amp;J Topwood<br>NUM\u00c9RO DE TVA : B02572220<br>Adresse : Pol\u00edgono Industrial Romica, Calle n\u00b04, Parc. 44 &#8211; APTDO 5045<br>C.P. 02080 ALBACETE (Espagne)<br>e-mail : <a href=\"mailto:contact@ljtopwood.com\">contact@ljtopwood.com<\/a><\/p>\n\n\n\n<p><strong>3. PRINCIPES CL\u00c9S<\/strong><\/p>\n\n\n\n<p>Nous nous sommes toujours engag\u00e9s \u00e0 fournir nos services avec le plus haut degr\u00e9 de qualit\u00e9, ce qui inclut le traitement de vos donn\u00e9es avec s\u00e9curit\u00e9 et transparence. Nos principes sont les suivants:<\/p>\n\n\n\n<ul class=\"wp-block-list\"><li>L\u00e9galit\u00e9 : Nous ne collectons vos donn\u00e9es personnelles qu&rsquo;\u00e0 des fins sp\u00e9cifiques, explicites et l\u00e9gitimes.<\/li><li>Minimisation des donn\u00e9es : Nous limitons la collecte des donn\u00e9es personnelles \u00e0 ce qui est strictement pertinent et n\u00e9cessaire aux fins pour lesquelles elles ont \u00e9t\u00e9 collect\u00e9es.<\/li><li>Limitation de la finalit\u00e9 : nous ne collectons vos donn\u00e9es personnelles qu&rsquo;aux fins indiqu\u00e9es et conform\u00e9ment \u00e0 vos souhaits.<\/li><li>Exactitude : Nous veillerons \u00e0 ce que vos donn\u00e9es personnelles soient exactes et \u00e0 jour.<\/li><li>S\u00e9curit\u00e9 des donn\u00e9es : Nous mettons en \u0153uvre des mesures techniques et organisationnelles appropri\u00e9es et proportionn\u00e9es aux risques pour garantir que vos donn\u00e9es ne subissent aucun pr\u00e9judice, tel que la divulgation ou l&rsquo;acc\u00e8s non autoris\u00e9, la destruction accidentelle ou ill\u00e9gale ou la perte ou l&rsquo;alt\u00e9ration accidentelle et toute autre forme de traitement ill\u00e9gal.<\/li><li>Acc\u00e8s et rectification : Nous vous donnons les moyens d&rsquo;acc\u00e9der \u00e0 vos donn\u00e9es ou de les rectifier lorsque vous le jugez utile.<\/li><li>Conservation : Nous conservons vos donn\u00e9es personnelles de mani\u00e8re l\u00e9gale et appropri\u00e9e et uniquement pendant la dur\u00e9e n\u00e9cessaire aux fins pour lesquelles elles ont \u00e9t\u00e9 collect\u00e9es.<\/li><li>Transferts internationaux : lorsque vos donn\u00e9es doivent \u00eatre transf\u00e9r\u00e9es en dehors de l&rsquo;UE\/EEE, elles seront prot\u00e9g\u00e9es de mani\u00e8re appropri\u00e9e.<\/li><li>Tiers : L&rsquo;acc\u00e8s et le transfert de donn\u00e9es personnelles \u00e0 des tiers sont effectu\u00e9s conform\u00e9ment aux lois et r\u00e8glements applicables et avec des garanties contractuelles appropri\u00e9es.<\/li><li>Marketing direct et cookies : Nous respectons la l\u00e9gislation applicable en mati\u00e8re de publicit\u00e9 et de cookies.<\/li><\/ul>\n\n\n\n<p><strong>4. COLLECTE ET TRAITEMENT DE VOS DONN\u00c9ES PERSONNELLES<\/strong><\/p>\n\n\n\n<p>Les types de donn\u00e9es qui peuvent \u00eatre demand\u00e9es et trait\u00e9es sont les suivants :<\/p>\n\n\n\n<ul class=\"wp-block-list\"><li>Donn\u00e9es de nature identifiante.<\/li><\/ul>\n\n\n\n<p>Nous collectons \u00e9galement automatiquement des donn\u00e9es sur votre visite sur notre site web, comme d\u00e9crit dans la politique en mati\u00e8re de cookies.<\/p>\n\n\n\n<p>Chaque fois que nous vous demanderons vos donn\u00e9es personnelles, nous vous indiquerons clairement quelles donn\u00e9es personnelles nous collectons et dans quel but. D&rsquo;une mani\u00e8re g\u00e9n\u00e9rale, nous collectons et traitons vos Donn\u00e9es Personnelles dans le but de :<\/p>\n\n\n\n<ul class=\"wp-block-list\"><li>Fournir des informations, des services, des produits, des informations pertinentes et des nouvelles dans le secteur.<\/li><li>Envoi de communications.<\/li><\/ul>\n\n\n\n<p><strong>5. L\u00c9GITIMACIT\u00c9<\/strong><\/p>\n\n\n\n<p>Conform\u00e9ment \u00e0 la r\u00e9glementation applicable en mati\u00e8re de protection des donn\u00e9es, vos donn\u00e9es personnelles peuvent \u00eatre trait\u00e9es \u00e0 condition que :<\/p>\n\n\n\n<ul class=\"wp-block-list\"><li>Vous nous avez donn\u00e9 votre consentement aux fins du traitement. Vous pouvez bien entendu retirer votre consentement \u00e0 tout moment.<\/li><li>Si la loi l&rsquo;exige.<\/li><li>Parce qu&rsquo;il existe un int\u00e9r\u00eat l\u00e9gitime qui n&rsquo;est pas remis en cause par vos droits \u00e0 la vie priv\u00e9e, comme l&rsquo;envoi d&rsquo;informations commerciales soit par l&rsquo;inscription \u00e0 notre newsletter, soit par votre statut de client.<\/li><li>Parce que cela est n\u00e9cessaire pour la fourniture de l&rsquo;un de nos services dans le cadre d&rsquo;une relation contractuelle entre vous et nous.<\/li><\/ul>\n\n\n\n<p><strong>6. COMMUNICATION DES DONN\u00c9ES PERSONNELLES<\/strong><\/p>\n\n\n\n<p>Les donn\u00e9es peuvent \u00eatre communiqu\u00e9es \u00e0 des entreprises li\u00e9es \u00e0 TU EMPRESA, S.L. pour la prestation de divers services en tant que responsables du traitement des donn\u00e9es. L&rsquo;entreprise ne proc\u00e9dera \u00e0 aucun transfert, sauf par obligation l\u00e9gale.<\/p>\n\n\n\n<p><strong>7. VOS DROITS<\/strong><\/p>\n\n\n\n<p>Dans le cadre de la collecte et du traitement de vos donn\u00e9es personnelles, vous pouvez nous contacter \u00e0 tout moment pour :<\/p>\n\n\n\n<ul class=\"wp-block-list\"><li>Acc\u00e9der \u00e0 vos donn\u00e9es personnelles et \u00e0 toute autre information indiqu\u00e9e \u00e0 l&rsquo;article 15.1 du GDPR.<\/li><li>Rectifier vos donn\u00e9es personnelles qui sont inexactes ou incompl\u00e8tes conform\u00e9ment \u00e0 l&rsquo;article 16 du GDPR.<\/li><li>Supprimer vos donn\u00e9es personnelles conform\u00e9ment \u00e0 l&rsquo;article 17 du GDPR.<\/li><li>Restreindre le traitement de vos donn\u00e9es personnelles conform\u00e9ment \u00e0 l&rsquo;article 18 du GDPR.<\/li><li>Demander la portabilit\u00e9 de vos donn\u00e9es conform\u00e9ment \u00e0 l&rsquo;article 20 du RGPD.<\/li><li>S&rsquo;opposer au traitement de vos donn\u00e9es personnelles conform\u00e9ment \u00e0 l&rsquo;article 21 du GDPR.<\/li><\/ul>\n\n\n\n<p>Si vous avez donn\u00e9 votre consentement pour une finalit\u00e9 sp\u00e9cifique, vous avez le droit de retirer le consentement donn\u00e9 \u00e0 tout moment, sans que cela n&rsquo;affecte la l\u00e9galit\u00e9 du traitement fond\u00e9 sur le consentement avant son retrait rrhh.<\/p>\n\n\n\n<p>Vous pouvez exercer ces droits en envoyant une communication motiv\u00e9e et accr\u00e9dit\u00e9e \u00e0 contact@ljtopwood.com.<\/p>\n\n\n\n<p>Vous avez \u00e9galement le droit d&rsquo;introduire une plainte aupr\u00e8s de l&rsquo;autorit\u00e9 de surveillance comp\u00e9tente (www.aepd.es) si vous estimez que le traitement n&rsquo;est pas conforme \u00e0 la r\u00e9glementation en vigueur.<\/p>\n\n\n\n<p><strong>8. INFORMATION JURIDIQUE<\/strong><\/p>\n\n\n\n<p>Les exigences de la pr\u00e9sente politique compl\u00e8tent, et ne remplacent pas, toute autre exigence existant en vertu de la l\u00e9gislation applicable en mati\u00e8re de protection des donn\u00e9es, qui pr\u00e9vaudra en tout \u00e9tat de cause.<\/p>\n\n\n\n<p>Cette politique est soumise \u00e0 une r\u00e9vision p\u00e9riodique et peut \u00eatre modifi\u00e9e par la soci\u00e9t\u00e9 \u00e0 tout moment. Lorsque cela se produira, nous vous informerons de tout changement et vous demanderons de relire la version la plus r\u00e9cente de notre politique et de confirmer votre acceptation.<\/p>\n","protected":false},"excerpt":{"rendered":"<p>1. INFORMATION DES UTILISATEURS L&amp;J Topwood Export, S.L., en tant que contr\u00f4leur de donn\u00e9es, vous informe que, conform\u00e9ment aux dispositions du r\u00e8glement (UE) 2016\/679, du 27 avril, (RGPD) et de la L.O. 3\/2018, du 5 d\u00e9cembre, sur la protection des donn\u00e9es et la garantie des droits num\u00e9riques (LOPDGDD), nous traiterons vos donn\u00e9es comme nous le [&hellip;]<\/p>\n","protected":false},"author":3,"featured_media":0,"parent":0,"menu_order":0,"comment_status":"closed","ping_status":"closed","template":"","meta":{"_acf_changed":false,"_genesis_hide_title":false,"_genesis_hide_breadcrumbs":false,"_genesis_hide_singular_image":false,"_genesis_hide_footer_widgets":false,"_genesis_custom_body_class":"","_genesis_custom_post_class":"","_genesis_layout":"","footnotes":""},"class_list":{"0":"post-193","1":"page","2":"type-page","3":"status-publish","5":"entry"},"acf":[],"_links":{"self":[{"href":"https:\/\/www.ljtopwood.com\/fr\/wp-json\/wp\/v2\/pages\/193","targetHints":{"allow":["GET"]}}],"collection":[{"href":"https:\/\/www.ljtopwood.com\/fr\/wp-json\/wp\/v2\/pages"}],"about":[{"href":"https:\/\/www.ljtopwood.com\/fr\/wp-json\/wp\/v2\/types\/page"}],"author":[{"embeddable":true,"href":"https:\/\/www.ljtopwood.com\/fr\/wp-json\/wp\/v2\/users\/3"}],"replies":[{"embeddable":true,"href":"https:\/\/www.ljtopwood.com\/fr\/wp-json\/wp\/v2\/comments?post=193"}],"version-history":[{"count":0,"href":"https:\/\/www.ljtopwood.com\/fr\/wp-json\/wp\/v2\/pages\/193\/revisions"}],"wp:attachment":[{"href":"https:\/\/www.ljtopwood.com\/fr\/wp-json\/wp\/v2\/media?parent=193"}],"curies":[{"name":"wp","href":"https:\/\/api.w.org\/{rel}","templated":true}]}}