{"id":4769,"date":"2021-04-26T09:29:53","date_gmt":"2021-04-26T07:29:53","guid":{"rendered":"https:\/\/www.ljtopwood.com\/aviso-legal\/"},"modified":"2023-03-02T15:19:36","modified_gmt":"2023-03-02T13:19:36","slug":"impressum","status":"publish","type":"page","link":"https:\/\/www.ljtopwood.com\/de\/impressum\/","title":{"rendered":"Impressum"},"content":{"rendered":"\n<p><strong>GESETZ \u00dcBER DIENSTE DER INFORMATIONSGESELLSCHAFT (LSSI)<\/strong><\/p>\n\n\n\n<p>L&amp;J Topwood Export, S.L., verantwortlich f\u00fcr die Website, im Folgenden VERANTWORTLICHER genannt, stellt den Nutzern dieses Dokument zur Verf\u00fcgung, das darauf abzielt, die Verpflichtungen des Gesetzes 34\/2002 vom 11. Juli \u00fcber Dienstleistungen der Informationsgesellschaft und des elektronischen Handels (LSSICE) zu erf\u00fcllen und alle Nutzer der Website \u00fcber die Nutzungsbedingungen zu informieren.<\/p>\n\n\n\n<p>Jede Person, die auf diese Website zugreift, \u00fcbernimmt die Rolle des Benutzers und verpflichtet sich zur Einhaltung und strikten Befolgung der hierin enthaltenen Bestimmungen sowie aller anderen m\u00f6glicherweise anwendbaren gesetzlichen Bestimmungen.<\/p>\n\n\n\n<p>L&amp;J Topwood Export, S.L. beh\u00e4lt sich das Recht vor, jede Art von Information, die auf der Website erscheinen kann, zu \u00e4ndern, ohne dass eine Verpflichtung zur vorherigen Ank\u00fcndigung oder Information der Benutzer besteht, wobei die Ver\u00f6ffentlichung auf der Website von L&amp;J Topwood Export, S.L. als ausreichend angesehen wird.<\/p>\n\n\n\n<p><strong>1. IDENTIFIKATIONSDATEN<\/strong><\/p>\n\n\n\n<p>Name des Unternehmens: L&amp;J Topwood Export S.L.<\/p>\n\n\n\n<p>Handelsname: L&amp;J Topwood<\/p>\n\n\n\n<p>CIF: B02572220<\/p>\n\n\n\n<p>Adresse: Pol\u00edgono Industrial Romica, Calle n\u00b04, Parc. 44 &#8211; APTDO 5045<\/p>\n\n\n\n<p>C.P. 02080 ALBACETE (Espa\u00f1a)<\/p>\n\n\n\n<p>e-mail: contact@ljtopwood.com<\/p>\n\n\n\n<p><strong>2. OBJEKT<\/strong><\/p>\n\n\n\n<p>\u00dcber die Website bieten wir den Nutzern die M\u00f6glichkeit, Informationen \u00fcber unsere Dienstleistungen abzurufen.<\/p>\n\n\n\n<p><strong>3. PRIVATSPH\u00c4RE UND DATENVERARBEITUNG<\/strong><\/p>\n\n\n\n<p>Wenn es notwendig ist, personenbezogene Daten anzugeben, um Zugang zu bestimmten Inhalten oder Dienstleistungen zu erhalten, m\u00fcssen die Nutzer deren Wahrhaftigkeit, Genauigkeit, Authentizit\u00e4t und G\u00fcltigkeit garantieren. Das Unternehmen wird diese Daten je nach ihrer Art oder ihrem Zweck unter den im Abschnitt &#8222;Datenschutz&#8220; angegebenen Bedingungen automatisch verarbeiten.<\/p>\n\n\n\n<p><strong>4. GEWERBLICHES UND GEISTIGES EIGENTUM<\/strong><\/p>\n\n\n\n<p>Der Nutzer erkennt an und akzeptiert, dass alle auf der Website dargestellten Inhalte und insbesondere Designs, Texte, Bilder, Logos, Icons, Schaltfl\u00e4chen, Software, Handelsnamen, Marken oder andere Zeichen, die f\u00fcr eine industrielle und\/oder kommerzielle Nutzung geeignet sind, den Rechten des geistigen Eigentums unterliegen und dass alle Marken, Handelsnamen oder Unterscheidungszeichen, alle gewerblichen und geistigen Eigentumsrechte an den Inhalten und\/oder allen anderen auf der Seite eingef\u00fcgten Elementen das ausschlie\u00dfliche Eigentum des Unternehmens und\/oder Dritter sind, die das ausschlie\u00dfliche Recht haben, sie im Rahmen des Handels zu nutzen. Der Nutzer verpflichtet sich daher, diese Inhalte nicht zu vervielf\u00e4ltigen, zu kopieren, zu verbreiten, zur Verf\u00fcgung zu stellen oder auf irgendeine andere Weise \u00f6ffentlich zu kommunizieren, umzuwandeln oder zu ver\u00e4ndern, und stellt das Unternehmen von allen Anspr\u00fcchen frei, die sich aus der Verletzung dieser Verpflichtungen ergeben. Der Zugriff auf die Website bedeutet in keinem Fall einen Verzicht, eine \u00dcbertragung, eine Lizenz oder eine vollst\u00e4ndige oder teilweise Abtretung der genannten Rechte, es sei denn, es wird ausdr\u00fccklich anders angegeben. Die vorliegenden Allgemeinen Nutzungsbedingungen der Website gew\u00e4hren dem Nutzer keine anderen als die hier ausdr\u00fccklich vorgesehenen Rechte zur Nutzung, Verwendung, \u00c4nderung, Verwertung, Vervielf\u00e4ltigung, Verbreitung oder \u00f6ffentlichen Wiedergabe der Website und\/oder ihrer Inhalte. Jede andere Nutzung oder Verwertung von Rechten unterliegt der vorherigen und ausdr\u00fccklichen Genehmigung, die speziell zu diesem Zweck vom Unternehmen oder dem Inhaber der betreffenden Rechte erteilt wurde.<\/p>\n\n\n\n<p>Die Inhalte, Texte, Fotografien, Designs, Logos, Bilder, Computerprogramme, Quellcodes und im Allgemeinen jede geistige Sch\u00f6pfung, die in diesem Bereich vorhanden ist, sowie der Bereich selbst als Ganzes, als ein multimediales k\u00fcnstlerisches Werk, sind durch die Gesetzgebung zum geistigen Eigentum als Urheberrecht gesch\u00fctzt. Das Unternehmen ist Eigent\u00fcmer der Elemente, aus denen das grafische Design der Website besteht, der Men\u00fcs, der Navigationsschaltfl\u00e4chen, des HTML-Codes, der Texte, der Bilder, der Texturen, der Grafiken und aller anderen Inhalte der Website, oder es verf\u00fcgt in jedem Fall \u00fcber die entsprechende Genehmigung zur Nutzung dieser Elemente. Die auf der Website bereitgestellten Inhalte d\u00fcrfen ohne vorherige schriftliche Genehmigung der genannten Einrichtung weder ganz noch teilweise vervielf\u00e4ltigt noch in irgendeiner Form oder mit irgendwelchen Mitteln \u00fcbertragen oder in einem Informationswiedergewinnungssystem gespeichert werden.<\/p>\n\n\n\n<p>Es ist auch verboten, das Urheberrecht sowie die technischen Schutzvorrichtungen oder jegliche Informationsmechanismen, die in den Inhalten enthalten sein k\u00f6nnen, zu entfernen, zu umgehen und\/oder zu manipulieren. Der Nutzer dieser Website verpflichtet sich, die oben genannten Rechte zu respektieren und jede Handlung zu vermeiden, die diese verletzen k\u00f6nnte, und in jedem Fall beh\u00e4lt sich das Unternehmen das Recht vor, alle rechtlichen Mittel oder Ma\u00dfnahmen zu ergreifen, die ihm zur Verteidigung seiner legitimen geistigen und gewerblichen Eigentumsrechte zustehen.<\/p>\n\n\n\n<p><strong>5. PFLICHTEN UND VERANTWORTUNG DES NUTZERS DES WEBSPACE<\/strong><\/p>\n\n\n\n<p><strong>Der Nutzer verpflichtet sich zu:<\/strong><\/p>\n\n\n\n<ol class=\"wp-block-list\" type=\"1\">\n<li>Die Website und ihre Inhalte und Dienstleistungen in angemessener und rechtm\u00e4\u00dfiger Weise zu nutzen, in \u00dcbereinstimmung mit: (i) der jeweils geltenden Gesetzgebung, (ii) den Allgemeinen Nutzungsbedingungen der Website, (iii) den allgemein anerkannten Sitten und Gebr\u00e4uchen und (iv) der \u00f6ffentlichen Ordnung.<\/li>\n\n\n\n<li>Bereitstellung aller f\u00fcr den Zugriff auf den Webspace erforderlichen Mittel und technischen Voraussetzungen.<\/li>\n\n\n\n<li>beim Ausf\u00fcllen der Formulare auf der Website wahrheitsgem\u00e4\u00dfe Angaben zu seinen pers\u00f6nlichen Daten zu machen und diese stets auf dem neuesten Stand zu halten, damit sie jederzeit der tats\u00e4chlichen Situation des Nutzers entsprechen. Der Nutzer tr\u00e4gt die alleinige Verantwortung f\u00fcr falsche oder ungenaue Angaben und f\u00fcr alle Sch\u00e4den, die dem Unternehmen oder Dritten durch die von ihm gemachten Angaben entstehen.<\/li>\n<\/ol>\n\n\n\n<p>Ungeachtet der Bestimmungen des vorstehenden Absatzes ist der Nutzer auch verpflichtet, Folgendes zu unterlassen:<\/p>\n\n\n\n<ol class=\"wp-block-list\" type=\"1\">\n<li>die Website und\/oder die Inhalte unbefugt oder in betr\u00fcgerischer Absicht f\u00fcr unerlaubte Zwecke oder Wirkungen zu nutzen, die in den vorliegenden Allgemeinen Nutzungsbedingungen untersagt sind, die die Rechte und Interessen Dritter verletzen oder die in irgendeiner Weise die normale Nutzung der Dienste oder der Dokumente, Dateien und aller Arten von Inhalten, die in einem Computer gespeichert sind, besch\u00e4digen, unbrauchbar machen, \u00fcberlasten, verschlechtern oder behindern k\u00f6nnen.<\/li>\n\n\n\n<li>Der Zugriff oder der Versuch des Zugriffs auf Ressourcen oder eingeschr\u00e4nkte Bereiche des Webspace, ohne die f\u00fcr einen solchen Zugriff erforderlichen Bedingungen zu erf\u00fcllen.<\/li>\n\n\n\n<li>Sch\u00e4den an den physischen oder logischen Systemen des Webspace, seiner Lieferanten oder Dritter zu verursachen.<\/li>\n\n\n\n<li>Computerviren oder andere physische oder logische Systeme einzuschleusen oder zu verbreiten, die Sch\u00e4den an den physischen oder logischen Systemen des Unternehmens, der Lieferanten oder Dritter verursachen k\u00f6nnen.<\/li>\n\n\n\n<li>Versuchen, auf die Daten des Unternehmens, von Drittanbietern und anderen Nutzern zuzugreifen, sie zu nutzen und\/oder zu manipulieren.<\/li>\n\n\n\n<li>die Inhalte zu vervielf\u00e4ltigen oder zu kopieren, zu verbreiten, \u00f6ffentlich zug\u00e4nglich zu machen, umzuwandeln oder zu ver\u00e4ndern, es sei denn, der Inhaber der entsprechenden Rechte hat dies genehmigt oder es ist gesetzlich erlaubt.<\/li>\n\n\n\n<li>die in den Inhalten enthaltenen Vermerke \u00fcber geistige oder gewerbliche Eigentumsrechte und andere Daten, die die Rechte des Unternehmens oder Dritter kennzeichnen, sowie die technischen Schutzvorrichtungen oder alle Informationsmechanismen, die in die Inhalte eingef\u00fcgt werden k\u00f6nnen, zu l\u00f6schen, zu verbergen oder zu manipulieren.<\/li>\n\n\n\n<li>die Inhalte mit anderen Mitteln oder Verfahren als denjenigen zu erhalten und zu versuchen, diese zu erhalten, die gegebenenfalls zu diesem Zweck zur Verf\u00fcgung gestellt wurden oder die auf den Webseiten, auf denen die Inhalte zu finden sind, ausdr\u00fccklich angegeben sind, oder allgemein mit denjenigen, die \u00fcblicherweise im Internet verwendet werden, weil sie nicht das Risiko einer Besch\u00e4digung oder Deaktivierung des Webspace und\/oder der Inhalte mit sich bringen.<\/li>\n\n\n\n<li>Der Nutzer verpflichtet sich insbesondere, nur als Beispiel und ohne Einschr\u00e4nkung, keine Informationen, Daten, Inhalte, Nachrichten, Grafiken, Zeichnungen, Ton- und\/oder Bilddateien, Fotografien, Aufzeichnungen, Software und ganz allgemein keine Materialien zu \u00fcbermitteln, zu verbreiten oder Dritten zur Verf\u00fcgung zu stellen, die: &#8211; in irgendeiner Weise im Widerspruch zu den in der Verfassung, in internationalen Vertr\u00e4gen und in der \u00fcbrigen geltenden Gesetzgebung anerkannten Grundrechten und \u00f6ffentlichen Freiheiten stehen, diese untergraben oder verletzen; &#8211; zu kriminellen, verleumderischen, diffamierenden, gewaltt\u00e4tigen oder allgemein gegen das Gesetz, die Moral, die allgemein anerkannten guten Sitten oder die \u00f6ffentliche Ordnung versto\u00dfenden Handlungen anregen, auffordern oder diese f\u00f6rdern; &#8211; zu kriminellen, verleumderischen, diffamierenden oder gewaltt\u00e4tigen Handlungen anregen, auffordern oder diese f\u00f6rdern oder allgemein gegen das Gesetz, die Moral, die allgemein anerkannten guten Sitten oder die \u00f6ffentliche Ordnung versto\u00dfen. &#8211; zu diskriminierenden Handlungen, Einstellungen oder Gedanken aufgrund des Geschlechts, der Rasse, der Religion, des Glaubens, des Alters oder des Zustands anregt, anstiftet oder diese f\u00f6rdert; &#8211; Produkte, Elemente, Nachrichten und\/oder Dienste enth\u00e4lt, zur Verf\u00fcgung stellt oder den Zugang zu ihnen erm\u00f6glicht, die kriminell, gewaltt\u00e4tig, beleidigend, sch\u00e4dlich, entw\u00fcrdigend sind oder allgemein gegen das Gesetz, die Moral, die allgemein anerkannten guten Sitten oder die \u00f6ffentliche Ordnung versto\u00dfen. einen inakzeptablen Zustand der Angst oder Furcht hervorrufen oder hervorrufen k\u00f6nnen &#8211; zu gef\u00e4hrlichen, riskanten oder f\u00fcr die Gesundheit und das psychische Gleichgewicht sch\u00e4dlichen Praktiken verleiten oder anregen &#8211; durch die Gesetzgebung zum Schutz des geistigen oder gewerblichen Eigentums des Unternehmens oder Dritter gesch\u00fctzt sind, ohne f\u00fcr die vorgesehene Nutzung genehmigt worden zu sein. &#8211; gegen die Ehre, die pers\u00f6nliche und famili\u00e4re Privatsph\u00e4re oder das pers\u00f6nliche Image von Personen verst\u00f6\u00dft; &#8211; irgendeine Art von Werbung darstellt; &#8211; irgendeine Art von Virus oder Programm enth\u00e4lt, das den normalen Betrieb der Website verhindert.<\/li>\n<\/ol>\n\n\n\n<p>Wenn Sie ein Passwort f\u00fcr den Zugang zu den Diensten und\/oder Inhalten des Webspace erhalten, verpflichten Sie sich, es gewissenhaft zu verwenden und es stets geheim zu halten. Folglich ist er\/sie f\u00fcr die ordnungsgem\u00e4\u00dfe Verwahrung und Vertraulichkeit des Passworts verantwortlich und verpflichtet sich, es weder vor\u00fcbergehend noch dauerhaft an Dritte weiterzugeben oder Dritten den Zugang zu den genannten Diensten und\/oder Inhalten zu erm\u00f6glichen. Ebenso verpflichtet er sich, dem Unternehmen jedes Ereignis mitzuteilen, das eine missbr\u00e4uchliche Verwendung seines Passworts zur Folge haben k\u00f6nnte, wie z. B. Diebstahl, Verlust oder unbefugter Zugriff, um dessen sofortige L\u00f6schung zu veranlassen. Solange die oben genannte Mitteilung nicht erfolgt ist, ist das Unternehmen von jeglicher Haftung befreit, die sich aus der missbr\u00e4uchlichen Verwendung Ihres Passworts ergeben k\u00f6nnte, und haftet f\u00fcr die unrechtm\u00e4\u00dfige Nutzung der Inhalte und\/oder Dienste des Webspace durch unberechtigte Dritte. Wenn Sie fahrl\u00e4ssig oder in betr\u00fcgerischer Absicht eine der in diesen Allgemeinen Nutzungsbedingungen festgelegten Verpflichtungen nicht einhalten, haften Sie f\u00fcr alle Sch\u00e4den, die dem Unternehmen aus einer solchen Nichteinhaltung entstehen k\u00f6nnen.<\/p>\n\n\n\n<p><strong>6. VERANTWORTLICHKEITEN<\/strong><\/p>\n\n\n\n<p>Sie garantiert weder den ununterbrochenen Zugang noch die korrekte Anzeige, das Herunterladen oder die Nutzung der auf der Website enthaltenen Elemente und Informationen, die durch Faktoren oder Umst\u00e4nde, die sich ihrer Kontrolle entziehen, erschwert, behindert oder unterbrochen werden k\u00f6nnen. Sie \u00fcbernimmt keine Verantwortung f\u00fcr Entscheidungen, die aufgrund des Zugriffs auf die angebotenen Inhalte oder Informationen getroffen werden.<\/p>\n\n\n\n<p>Der Dienst kann unterbrochen oder die Beziehung mit dem Nutzer sofort beendet werden, wenn festgestellt wird, dass die Nutzung der Website oder einer der dort angebotenen Dienstleistungen gegen die vorliegenden Allgemeinen Nutzungsbedingungen verst\u00f6\u00dft. Wir haften nicht f\u00fcr Sch\u00e4den, Verluste, Anspr\u00fcche oder Kosten, die sich aus der Nutzung der Website ergeben.<\/p>\n\n\n\n<p>Wir sind lediglich daf\u00fcr verantwortlich, die Inhalte, die solche Sch\u00e4den verursachen k\u00f6nnen, so schnell wie m\u00f6glich zu entfernen, sofern wir davon in Kenntnis gesetzt werden. Insbesondere haften wir nicht f\u00fcr Sch\u00e4den, die u.a. aus folgenden Gr\u00fcnden entstehen k\u00f6nnen<\/p>\n\n\n\n<ol class=\"wp-block-list\" type=\"1\">\n<li>St\u00f6rungen, Unterbrechungen, Ausf\u00e4lle, Auslassungen, Telefonausf\u00e4lle, Verz\u00f6gerungen, Blockaden oder Unterbrechungen des Betriebs des elektronischen Systems, die durch M\u00e4ngel, \u00dcberlastungen und Fehler in den Telekommunikationsleitungen und -netzen oder durch andere Ursachen au\u00dferhalb der Kontrolle des Unternehmens verursacht werden.<\/li>\n\n\n\n<li>Unerlaubte Eingriffe durch die Verwendung von Schadsoftware jeglicher Art und durch jegliche Kommunikationsmittel wie Computerviren oder andere Mittel.<\/li>\n\n\n\n<li>Unsachgem\u00e4\u00dfer oder unangemessener Missbrauch des Webspace.<\/li>\n\n\n\n<li>Sicherheits- oder Browsingfehler, die durch eine Fehlfunktion des Browsers oder durch die Verwendung nicht aktualisierter Versionen des Browsers verursacht werden. Der Administrator der Website beh\u00e4lt sich das Recht vor, Inhalte oder Informationen auf der Website ganz oder teilweise zur\u00fcckzuziehen.<\/li>\n<\/ol>\n\n\n\n<p>Das Unternehmen schlie\u00dft jegliche Haftung f\u00fcr Sch\u00e4den jeglicher Art aus, die durch den Missbrauch der frei verf\u00fcgbaren und nutzbaren Dienste durch die Nutzer von Espacio Web entstehen k\u00f6nnen. Ebenso ist das Unternehmen von jeglicher Verantwortung f\u00fcr den Inhalt und die Informationen, die als Ergebnis der Datenerfassungsformulare erhalten werden k\u00f6nnen, befreit, da diese ausschlie\u00dflich f\u00fcr die Bereitstellung von Dienstleistungen f\u00fcr Anfragen und Zweifel verwendet werden. Im Falle der Verursachung von Sch\u00e4den durch eine unerlaubte oder falsche Nutzung dieser Dienste kann der Nutzer jedoch f\u00fcr den entstandenen Schaden haftbar gemacht werden.<\/p>\n\n\n\n<p>Sie stellen das Unternehmen von jeglichen Sch\u00e4den frei, die sich aus Anspr\u00fcchen, Klagen oder Forderungen Dritter ergeben, die auf Ihren Zugriff auf die Website oder deren Nutzung zur\u00fcckzuf\u00fchren sind. Sie verpflichten sich au\u00dferdem, das Unternehmen von jeglichen Sch\u00e4den freizustellen, die sich aus der Verwendung von &#8222;Robots&#8220;, &#8222;Spiders&#8220;, &#8222;Crawlers&#8220; oder \u00e4hnlichen Tools zum Sammeln oder Extrahieren von Daten oder aus anderen Handlungen Ihrerseits ergeben, die den Betrieb der Website unangemessen belasten.<\/p>\n\n\n\n<p><strong>7. HYPER LINKS<\/strong><\/p>\n\n\n\n<p>Der Nutzer verpflichtet sich, die Website oder ihren Inhalt in keiner Weise zu vervielf\u00e4ltigen, auch nicht mittels eines Hyperlinks oder einer Verkn\u00fcpfung, es sei denn, es liegt eine ausdr\u00fcckliche schriftliche Genehmigung des f\u00fcr die Datei Verantwortlichen vor.<\/p>\n\n\n\n<p>Die Website kann Links zu anderen Websites enthalten, die von Dritten verwaltet werden, um dem Nutzer den Zugang zu den Informationen von kooperierenden und\/oder sponsernden Unternehmen zu erleichtern. Dementsprechend ist das Unternehmen weder f\u00fcr den Inhalt dieser Websites verantwortlich, noch tritt es als Garant und\/oder Anbieter von Dienstleistungen und\/oder Informationen auf, die Dritten \u00fcber Links von Dritten angeboten werden k\u00f6nnen.<\/p>\n\n\n\n<p>Dem Nutzer wird ein begrenztes, widerrufliches und nicht ausschlie\u00dfliches Recht einger\u00e4umt, Links zur Homepage des Webspace ausschlie\u00dflich f\u00fcr den privaten, nicht kommerziellen Gebrauch zu erstellen. Websites, die einen Link zu unserem Webspace enthalten, (i) d\u00fcrfen ihre Beziehung zu uns nicht falsch darstellen oder behaupten, dass ein solcher Link genehmigt wurde, und sie d\u00fcrfen auch keine Marken, Namen, Handelsnamen, Logos oder andere Erkennungszeichen unseres Unternehmens enthalten; (ii) d\u00fcrfen keine Inhalte enthalten, die als geschmacklos, obsz\u00f6n, beleidigend, kontrovers, gewaltverherrlichend oder diskriminierend aufgrund von Geschlecht, Rasse oder Religion angesehen werden k\u00f6nnen, die gegen die \u00f6ffentliche Ordnung versto\u00dfen oder rechtswidrig sind; (iii) darf nicht auf eine andere Seite des Webspace als die Homepage verweisen; (iv) muss auf die Adresse des Webspace selbst verweisen, ohne dass der verweisende Webspace den Webspace als Teil seiner Website oder innerhalb eines seiner Frames reproduzieren oder einen Browser auf einer der Seiten des Webspace erstellen darf. Das Unternehmen kann jederzeit verlangen, dass Sie einen Link zum Webspace entfernen, woraufhin Sie den Link unverz\u00fcglich entfernen m\u00fcssen.<\/p>\n\n\n\n<p>Das Unternehmen hat keine Kontrolle \u00fcber die Informationen, Inhalte, Produkte oder Dienstleistungen, die von anderen Websites bereitgestellt werden, die Links zum Webspace eingerichtet haben.<\/p>\n\n\n\n<p><strong>8. DATENSCHUTZ<\/strong><\/p>\n\n\n\n<p>Um einige der Dienste nutzen zu k\u00f6nnen, muss der Nutzer zun\u00e4chst bestimmte pers\u00f6nliche Daten angeben. Das Unternehmen verarbeitet diese Daten automatisch und wendet die entsprechenden Sicherheitsma\u00dfnahmen an, in \u00dcbereinstimmung mit der RGPD, LOPDGDD und LSSI. Der Nutzer kann die Politik, die bei der Verarbeitung personenbezogener Daten verfolgt wird, sowie die Festlegung der zuvor festgelegten Zwecke unter den in der Datenschutzrichtlinie festgelegten Bedingungen einsehen.<\/p>\n\n\n\n<p><strong>9. COOKIES<\/strong><\/p>\n\n\n\n<p>Das Unternehmen beh\u00e4lt sich das Recht vor, die &#8222;Cookie&#8220;-Technologie auf der Website zu verwenden, um Sie als h\u00e4ufigen Nutzer zu erkennen und Ihre Nutzung der Website durch Vorauswahl Ihrer Sprache oder gew\u00fcnschter oder spezifischer Inhalte zu personalisieren.<\/p>\n\n\n\n<p>Cookies erfassen die IP-Adresse des Nutzers und Google ist f\u00fcr die Verarbeitung dieser Informationen verantwortlich.<\/p>\n\n\n\n<p>Cookies sind Dateien, die von einem Webserver an einen Browser gesendet werden, um das Surfen des Nutzers auf dem Webspace aufzuzeichnen, wenn der Nutzer deren Empfang zul\u00e4sst. Wenn Sie es w\u00fcnschen, k\u00f6nnen Sie Ihren Browser so konfigurieren, dass Sie auf dem Bildschirm \u00fcber den Empfang von Cookies informiert werden und die Installation von Cookies auf Ihrer Festplatte verhindern. Bitte konsultieren Sie die Anleitungen und Handb\u00fccher Ihres Browsers f\u00fcr weitere Informationen.<\/p>\n\n\n\n<p>Dank der Cookies ist es m\u00f6glich, den Browser des vom Nutzer verwendeten Computers wiederzuerkennen, um Inhalte bereitzustellen und die Browsing- oder Werbepr\u00e4ferenzen des Nutzers anzubieten, demografische Profile der Nutzer zu erstellen sowie Besuche und Verkehrsparameter zu messen, den Fortschritt und die Anzahl der Eintr\u00e4ge zu \u00fcberwachen.<\/p>\n\n\n\n<p><strong>10. ZUSICHERUNGEN UND GARANTIEN<\/strong><\/p>\n\n\n\n<p>Im Allgemeinen dienen die auf dem Webspace angebotenen Inhalte und Dienstleistungen nur zu Informationszwecken. Daher wird durch ihr Angebot keine Garantie oder Zusicherung in Bezug auf die auf der Website angebotenen Inhalte und Dienste gegeben, einschlie\u00dflich, aber nicht beschr\u00e4nkt auf Garantien der Rechtm\u00e4\u00dfigkeit, Zuverl\u00e4ssigkeit, N\u00fctzlichkeit, Wahrhaftigkeit, Genauigkeit oder Marktg\u00e4ngigkeit, au\u00dfer in dem Umfang, in dem solche Zusicherungen und Garantien gesetzlich nicht ausgeschlossen werden k\u00f6nnen.<\/p>\n\n\n\n<p><strong>11. GEWALT MAJEURE<\/strong><\/p>\n\n\n\n<p>Das Unternehmen haftet nicht in allen F\u00e4llen der Unm\u00f6glichkeit der Leistungserbringung, wenn diese auf l\u00e4ngere Unterbrechungen der Stromversorgung, der Telekommunikationsleitungen, soziale Konflikte, Streiks, Aufst\u00e4nde, Explosionen, \u00dcberschwemmungen, Handlungen und Unterlassungen der Regierung und allgemein auf alle F\u00e4lle h\u00f6herer Gewalt oder zuf\u00e4lliger Ereignisse zur\u00fcckzuf\u00fchren sind.<\/p>\n\n\n\n<p><strong>12. STREITBEILEGUNG. ANWENDBARES RECHT UND GERICHTSBARKEIT<\/strong><\/p>\n\n\n\n<p>Die vorliegenden Allgemeinen Nutzungsbedingungen sowie die Nutzung der Website unterliegen dem spanischen Recht. F\u00fcr die Beilegung von Streitigkeiten unterwerfen sich die Parteien den Gerichten am Sitz der f\u00fcr die Website verantwortlichen Person.<\/p>\n\n\n\n<p>Sollte eine Bestimmung dieser Allgemeinen Nutzungsbedingungen nach geltendem Recht oder aufgrund einer gerichtlichen oder beh\u00f6rdlichen Entscheidung nicht durchsetzbar oder ung\u00fcltig sein, so hat dies nicht zur Folge, dass die Allgemeinen Nutzungsbedingungen als Ganzes nicht durchsetzbar oder ung\u00fcltig sind. In solchen F\u00e4llen wird das Unternehmen eine solche Bestimmung durch eine g\u00fcltige und durchsetzbare Bestimmung \u00e4ndern oder ersetzen, die, soweit m\u00f6glich, das Ziel und die Absicht der urspr\u00fcnglichen Bestimmung erreicht.<\/p>\n","protected":false},"excerpt":{"rendered":"<p>GESETZ \u00dcBER DIENSTE DER INFORMATIONSGESELLSCHAFT (LSSI) L&amp;J Topwood Export, S.L., verantwortlich f\u00fcr die Website, im Folgenden VERANTWORTLICHER genannt, stellt den Nutzern dieses Dokument zur Verf\u00fcgung, das darauf abzielt, die Verpflichtungen des Gesetzes 34\/2002 vom 11. Juli \u00fcber Dienstleistungen der Informationsgesellschaft und des elektronischen Handels (LSSICE) zu erf\u00fcllen und alle Nutzer der Website \u00fcber die Nutzungsbedingungen [&hellip;]<\/p>\n","protected":false},"author":3,"featured_media":0,"parent":0,"menu_order":0,"comment_status":"closed","ping_status":"closed","template":"","meta":{"_acf_changed":false,"_genesis_hide_title":false,"_genesis_hide_breadcrumbs":false,"_genesis_hide_singular_image":false,"_genesis_hide_footer_widgets":false,"_genesis_custom_body_class":"","_genesis_custom_post_class":"","_genesis_layout":"","footnotes":""},"class_list":{"0":"post-4769","1":"page","2":"type-page","3":"status-publish","5":"entry"},"acf":[],"_links":{"self":[{"href":"https:\/\/www.ljtopwood.com\/de\/wp-json\/wp\/v2\/pages\/4769","targetHints":{"allow":["GET"]}}],"collection":[{"href":"https:\/\/www.ljtopwood.com\/de\/wp-json\/wp\/v2\/pages"}],"about":[{"href":"https:\/\/www.ljtopwood.com\/de\/wp-json\/wp\/v2\/types\/page"}],"author":[{"embeddable":true,"href":"https:\/\/www.ljtopwood.com\/de\/wp-json\/wp\/v2\/users\/3"}],"replies":[{"embeddable":true,"href":"https:\/\/www.ljtopwood.com\/de\/wp-json\/wp\/v2\/comments?post=4769"}],"version-history":[{"count":0,"href":"https:\/\/www.ljtopwood.com\/de\/wp-json\/wp\/v2\/pages\/4769\/revisions"}],"wp:attachment":[{"href":"https:\/\/www.ljtopwood.com\/de\/wp-json\/wp\/v2\/media?parent=4769"}],"curies":[{"name":"wp","href":"https:\/\/api.w.org\/{rel}","templated":true}]}}