{"id":4768,"date":"2021-04-26T09:30:05","date_gmt":"2021-04-26T07:30:05","guid":{"rendered":"https:\/\/www.ljtopwood.com\/politica-privacidad\/"},"modified":"2023-03-02T19:07:46","modified_gmt":"2023-03-02T17:07:46","slug":"datenschutz","status":"publish","type":"page","link":"https:\/\/www.ljtopwood.com\/de\/datenschutz\/","title":{"rendered":"Datenschutz"},"content":{"rendered":"\n<p><strong>1. BENUTZERINFORMATIONEN<\/strong><\/p>\n\n\n\n<p>L&amp;J Topwood Export, S.L., als f\u00fcr die Datenverarbeitung Verantwortlicher, informiert Sie, dass wir Ihre Daten gem\u00e4\u00df den Bestimmungen der Verordnung (EU) 2016\/679 vom 27. April (RGPD) und der Verordnung 3\/2018 vom 5. Dezember \u00fcber den Datenschutz und die Gew\u00e4hrleistung digitaler Rechte (LOPDGDD) so behandeln werden, wie wir es in dieser Datenschutzerkl\u00e4rung darlegen.<\/p>\n\n\n\n<p>In dieser Datenschutzrichtlinie beschreiben wir, wie und warum wir Ihre personenbezogenen Daten erfassen, was wir damit tun, an wen wir sie weitergeben, wie wir sie sch\u00fctzen und welche M\u00f6glichkeiten Sie bei der Verarbeitung Ihrer personenbezogenen Daten haben.<\/p>\n\n\n\n<p>Diese Richtlinie gilt f\u00fcr die Verarbeitung Ihrer personenbezogenen Daten, die das Unternehmen f\u00fcr die Erbringung seiner Dienstleistungen erfasst. Wenn Sie den Ma\u00dfnahmen in dieser Richtlinie zustimmen, erkl\u00e4ren Sie sich damit einverstanden, dass wir Ihre personenbezogenen Daten wie in dieser Richtlinie definiert verarbeiten.<\/p>\n\n\n\n<p><strong>2. KONTAKT<\/strong><\/p>\n\n\n\n<p>Name des Unternehmens: L&amp;J Topwood Export, S.L<\/p>\n\n\n\n<p>Handelsname: L&amp;J Topwood<\/p>\n\n\n\n<p>CIF: B02572220<\/p>\n\n\n\n<p>Adresse: Pol\u00edgono Industrial Romica, Calle n\u00b04, Parc. 44 &#8211; APTDO 5045<\/p>\n\n\n\n<p>C.P. 02080 ALBACETE (Espa\u00f1a)<\/p>\n\n\n\n<p>e-mail: <a href=\"mailto:contact@ljtopwood.com\">contact@ljtopwood.com<\/a><\/p>\n\n\n\n<p><strong>3. SCHL\u00dcSSELPRINZIPIEN<\/strong><\/p>\n\n\n\n<p>Wir haben uns schon immer verpflichtet, unsere Dienstleistungen mit einem H\u00f6chstma\u00df an Qualit\u00e4t zu erbringen, wozu auch der sichere und transparente Umgang mit Ihren Daten geh\u00f6rt. Unsere Grunds\u00e4tze sind:<\/p>\n\n\n\n<ul class=\"wp-block-list\">\n<li>Rechtm\u00e4\u00dfigkeit: Wir werden Ihre personenbezogenen Daten nur f\u00fcr festgelegte, eindeutige und rechtm\u00e4\u00dfige Zwecke erfassen.<\/li>\n\n\n\n<li>Datenminimierung: Wir beschr\u00e4nken die Sammlung personenbezogener Daten auf das, was f\u00fcr die Zwecke, f\u00fcr die sie gesammelt wurden, unbedingt relevant und notwendig ist.<\/li>\n\n\n\n<li>Zweckbindung: Wir werden Ihre personenbezogenen Daten nur f\u00fcr die angegebenen Zwecke und nur in \u00dcbereinstimmung mit Ihren W\u00fcnschen erfassen.<\/li>\n\n\n\n<li>Genauigkeit: Wir halten Ihre personenbezogenen Daten korrekt und auf dem neuesten Stand.<\/li>\n\n\n\n<li>Datensicherheit: Wir setzen angemessene technische und organisatorische Ma\u00dfnahmen ein, die den Risiken angemessen sind, um sicherzustellen, dass Ihre Daten nicht besch\u00e4digt werden, wie z. B. unbefugte Weitergabe oder unbefugter Zugriff, versehentliche oder unrechtm\u00e4\u00dfige Zerst\u00f6rung oder versehentlicher Verlust oder \u00c4nderung und jede andere Form der unrechtm\u00e4\u00dfigen Verarbeitung.<\/li>\n\n\n\n<li>Zugang und Berichtigung: Wir stellen Ihnen die Mittel zur Verf\u00fcgung, um auf Ihre Daten zuzugreifen oder sie zu berichtigen, wenn Sie dies f\u00fcr angemessen halten.<\/li>\n\n\n\n<li>Aufbewahrung: Wir bewahren Ihre personenbezogenen Daten in rechtm\u00e4\u00dfiger und angemessener Weise und nur so lange auf, wie es f\u00fcr die Zwecke, f\u00fcr die sie erhoben wurden, erforderlich ist.<\/li>\n\n\n\n<li>Internationale \u00dcbermittlung: Wenn Ihre Daten au\u00dferhalb der EU\/des EWR \u00fcbermittelt werden sollen, werden sie angemessen gesch\u00fctzt.<\/li>\n\n\n\n<li>Dritte: Der Zugriff auf und die \u00dcbermittlung von personenbezogenen Daten an Dritte erfolgt in \u00dcbereinstimmung mit den geltenden Gesetzen und Vorschriften und mit angemessenen vertraglichen Schutzma\u00dfnahmen.<\/li>\n\n\n\n<li>Direktmarketing und Cookies: Wir halten uns an die geltenden Werbe- und Cookie-Gesetze.<\/li>\n<\/ul>\n\n\n\n<p><strong>4. ERHEBUNG UND VERARBEITUNG IHRER PERSONENBEZOGENEN DATEN<\/strong><\/p>\n\n\n\n<p>Die Arten von Daten, die angefordert und verarbeitet werden k\u00f6nnen, sind:<\/p>\n\n\n\n<ul class=\"wp-block-list\">\n<li>Identifizierung von Daten.<\/li>\n<\/ul>\n\n\n\n<p>Wir sammeln auch automatisch Daten \u00fcber Ihren Besuch auf unserer Website, wie in der Cookie-Richtlinie beschrieben.<\/p>\n\n\n\n<p>Wann immer wir Ihre pers\u00f6nlichen Daten abfragen, werden wir Sie klar dar\u00fcber informieren, welche pers\u00f6nlichen Daten wir zu welchem Zweck erheben. Im Allgemeinen erheben und verarbeiten wir Ihre personenbezogenen Daten f\u00fcr die folgenden Zwecke:<\/p>\n\n\n\n<ul class=\"wp-block-list\">\n<li>Bereitstellung von Informationen, Dienstleistungen, Produkten, relevanten Informationen und Neuigkeiten in der Branche.<\/li>\n\n\n\n<li>Versenden von Mitteilungen.<\/li>\n<\/ul>\n\n\n\n<p><strong>5. LEGITIMIT\u00c4T<\/strong><\/p>\n\n\n\n<p>In \u00dcbereinstimmung mit den geltenden Datenschutzgesetzen k\u00f6nnen Ihre personenbezogenen Daten verarbeitet werden, soweit dies erforderlich ist:<\/p>\n\n\n\n<ul class=\"wp-block-list\">\n<li>Sie haben uns Ihre Einwilligung f\u00fcr die Zwecke der Verarbeitung gegeben. Selbstverst\u00e4ndlich k\u00f6nnen Sie Ihre Einwilligung jederzeit widerrufen.<\/li>\n\n\n\n<li>Wenn Sie gesetzlich dazu verpflichtet sind.<\/li>\n\n\n\n<li>Weil ein berechtigtes Interesse besteht, das nicht durch Ihre Datenschutzrechte beeintr\u00e4chtigt wird, wie z. B. die Zusendung kommerzieller Informationen durch das Abonnement unseres Newsletters oder durch Ihren Status als Kunde.<\/li>\n\n\n\n<li>Weil es f\u00fcr die Erbringung einer unserer Dienstleistungen im Rahmen einer vertraglichen Beziehung zwischen Ihnen und uns erforderlich ist.<\/li>\n<\/ul>\n\n\n\n<p><strong>6. \u00dcBERMITTLUNG VON PERSONENBEZOGENEN DATEN<\/strong><\/p>\n\n\n\n<p>Die Daten k\u00f6nnen an Unternehmen weitergegeben werden, die mit TU EMPRESA, S.L. verbunden sind, um verschiedene Dienstleistungen in ihrer Eigenschaft als Datenverarbeiter zu erbringen. Das Unternehmen wird keine Weitergabe vornehmen, es sei denn, es besteht eine gesetzliche Verpflichtung.<\/p>\n\n\n\n<p><strong>7. IHRE RECHTE<\/strong><\/p>\n\n\n\n<p>Im Zusammenhang mit der Erhebung und Verarbeitung Ihrer personenbezogenen Daten k\u00f6nnen Sie sich jederzeit an uns wenden, um:<\/p>\n\n\n\n<ul class=\"wp-block-list\">\n<li>Zugang zu ihren personenbezogenen Daten und allen anderen in Artikel 15.1 der DSGVO genannten Informationen.<\/li>\n\n\n\n<li>Berichtigung ihrer personenbezogenen Daten, die unrichtig oder unvollst\u00e4ndig sind, gem\u00e4\u00df Artikel 16 der Datenschutz-Grundverordnung.<\/li>\n\n\n\n<li>Ihre personenbezogenen Daten gem\u00e4\u00df Artikel 17 der DSGVO zu l\u00f6schen.<\/li>\n\n\n\n<li>Einschr\u00e4nkung der Verarbeitung Ihrer personenbezogenen Daten gem\u00e4\u00df Artikel 18 der DSGVO.<\/li>\n\n\n\n<li>Beantragen Sie die \u00dcbertragbarkeit Ihrer Daten gem\u00e4\u00df Artikel 20 der Datenschutz-Grundverordnung.<\/li>\n\n\n\n<li>Widerspruch gegen die Verarbeitung Ihrer personenbezogenen Daten gem\u00e4\u00df Artikel 21 der Datenschutz-Grundverordnung.<\/li>\n<\/ul>\n\n\n\n<p>Wenn Sie Ihre Einwilligung f\u00fcr einen bestimmten Zweck erteilt haben, haben Sie das Recht, die erteilte Einwilligung jederzeit zu widerrufen, ohne dass die Rechtm\u00e4\u00dfigkeit der aufgrund der Einwilligung bis zum Widerruf erfolgten Verarbeitung ber\u00fchrt wird. rrhh.<\/p>\n\n\n\n<p>Sie k\u00f6nnen diese Rechte aus\u00fcben, indem Sie eine begr\u00fcndete und zugelassene Mitteilung an contact@ljtopwood.com senden.<\/p>\n\n\n\n<p>Sie haben auch das Recht, eine Beschwerde bei der zust\u00e4ndigen Aufsichtsbeh\u00f6rde (www.aepd.es) einzureichen, wenn Sie der Ansicht sind, dass die Verarbeitung nicht mit den geltenden Vorschriften \u00fcbereinstimmt.<\/p>\n\n\n\n<p><strong>8. RECHTLICHE INFORMATIONEN<\/strong><\/p>\n\n\n\n<p>Die Anforderungen dieser Richtlinie erg\u00e4nzen und ersetzen nicht andere Anforderungen, die nach geltendem Datenschutzrecht bestehen, das in jedem Fall Vorrang hat.<\/p>\n\n\n\n<p>Diese Richtlinie unterliegt einer regelm\u00e4\u00dfigen \u00dcberpr\u00fcfung und kann vom Unternehmen jederzeit ge\u00e4ndert werden. Wenn dies der Fall ist, werden wir Sie \u00fcber alle \u00c4nderungen informieren und Sie bitten, die neueste Version unserer Richtlinie erneut zu lesen und Ihre Zustimmung zu best\u00e4tigen.<\/p>\n","protected":false},"excerpt":{"rendered":"<p>1. BENUTZERINFORMATIONEN L&amp;J Topwood Export, S.L., als f\u00fcr die Datenverarbeitung Verantwortlicher, informiert Sie, dass wir Ihre Daten gem\u00e4\u00df den Bestimmungen der Verordnung (EU) 2016\/679 vom 27. April (RGPD) und der Verordnung 3\/2018 vom 5. Dezember \u00fcber den Datenschutz und die Gew\u00e4hrleistung digitaler Rechte (LOPDGDD) so behandeln werden, wie wir es in dieser Datenschutzerkl\u00e4rung darlegen. In [&hellip;]<\/p>\n","protected":false},"author":3,"featured_media":0,"parent":0,"menu_order":0,"comment_status":"closed","ping_status":"closed","template":"","meta":{"_acf_changed":false,"_genesis_hide_title":false,"_genesis_hide_breadcrumbs":false,"_genesis_hide_singular_image":false,"_genesis_hide_footer_widgets":false,"_genesis_custom_body_class":"","_genesis_custom_post_class":"","_genesis_layout":"","footnotes":""},"class_list":{"0":"post-4768","1":"page","2":"type-page","3":"status-publish","5":"entry"},"acf":[],"_links":{"self":[{"href":"https:\/\/www.ljtopwood.com\/de\/wp-json\/wp\/v2\/pages\/4768","targetHints":{"allow":["GET"]}}],"collection":[{"href":"https:\/\/www.ljtopwood.com\/de\/wp-json\/wp\/v2\/pages"}],"about":[{"href":"https:\/\/www.ljtopwood.com\/de\/wp-json\/wp\/v2\/types\/page"}],"author":[{"embeddable":true,"href":"https:\/\/www.ljtopwood.com\/de\/wp-json\/wp\/v2\/users\/3"}],"replies":[{"embeddable":true,"href":"https:\/\/www.ljtopwood.com\/de\/wp-json\/wp\/v2\/comments?post=4768"}],"version-history":[{"count":0,"href":"https:\/\/www.ljtopwood.com\/de\/wp-json\/wp\/v2\/pages\/4768\/revisions"}],"wp:attachment":[{"href":"https:\/\/www.ljtopwood.com\/de\/wp-json\/wp\/v2\/media?parent=4768"}],"curies":[{"name":"wp","href":"https:\/\/api.w.org\/{rel}","templated":true}]}}