{"id":4764,"date":"2021-05-28T09:43:22","date_gmt":"2021-05-28T07:43:22","guid":{"rendered":"https:\/\/www.ljtopwood.com\/contacto\/"},"modified":"2023-03-02T11:56:19","modified_gmt":"2023-03-02T09:56:19","slug":"kontakt","status":"publish","type":"page","link":"https:\/\/www.ljtopwood.com\/de\/kontakt\/","title":{"rendered":"Kontakt"},"content":{"rendered":"\n<div class=\"wp-block-columns is-layout-flex wp-container-core-columns-is-layout-9d6595d7 wp-block-columns-is-layout-flex\">\n<div class=\"wp-block-column is-layout-flow wp-block-column-is-layout-flow\">\n<p>Bei <strong>L&amp;J Topwood<\/strong> sind wir Spezialisten f\u00fcr die Herstellung von Produkten aus massivem Eichen- und ged\u00e4mpften Buchenholz, aber wir bearbeiten auch oft mit harzigen H\u00f6lzern wie Kiefer oder tropischen H\u00f6lzern wie Ayous, Iroko, Sapele usw.; Z\u00f6gern Sie daher nicht, uns zu kontaktieren, falls Sie eines unserer Produkte in einer anderen Holzart ben\u00f6tigen, da wir alle unsere Produkte auf Anfrage auch in anderen Holzarten herstellen k\u00f6nnen.<\/p>\n\n\n\n<p>Fordern Sie zus\u00e4tzliche Informationen oder einen unverbindlichen Kostenvoranschlag mit folgendem Formular an, unter Angabe folgender Details:<\/p>\n\n\n\n<ol class=\"wp-block-list\">\n<li><strong>Angabe ben\u00f6tigter Meter- oder St\u00fcckzahl<\/strong><\/li>\n\n\n\n<li><strong>Produkt\/Referenz<\/strong><\/li>\n\n\n\n<li><strong>Sektion (falls abweichend von unseren Standardmodellen)<\/strong><\/li>\n\n\n\n<li><strong>Holzart (falls abweichend von Eiche oder Buche)<\/strong><\/li>\n<\/ol>\n\n\n\n<p>Unser Kundenservice wird Ihnen so schnell wie m\u00f6glich eine Antwort geben.<\/p>\n\n\n\n<p>Um Ihnen einen besseren Service zu bieten, k\u00f6nnen wir alle Ihre Anforderungen in verschiedenen Sprachen bearbeiten: Deutsch, Englisch, Franz\u00f6sisch, Portugiesisch und Italienisch.<\/p>\n<\/div>\n\n\n\n<div class=\"wp-block-column is-layout-flow wp-block-column-is-layout-flow\">\n<div class=\"wpcf7 no-js\" id=\"wpcf7-f4807-o1\" lang=\"es-ES\" dir=\"ltr\" data-wpcf7-id=\"4807\">\n<div class=\"screen-reader-response\"><p role=\"status\" aria-live=\"polite\" aria-atomic=\"true\"><\/p> <ul><\/ul><\/div>\n<form action=\"\/de\/wp-json\/wp\/v2\/pages\/4764#wpcf7-f4807-o1\" method=\"post\" class=\"wpcf7-form init\" aria-label=\"Formulario de contacto\" novalidate=\"novalidate\" data-status=\"init\">\n<fieldset class=\"hidden-fields-container\"><input type=\"hidden\" name=\"_wpcf7\" value=\"4807\" \/><input type=\"hidden\" name=\"_wpcf7_version\" value=\"6.1.5\" \/><input type=\"hidden\" name=\"_wpcf7_locale\" value=\"es_ES\" \/><input type=\"hidden\" name=\"_wpcf7_unit_tag\" value=\"wpcf7-f4807-o1\" \/><input type=\"hidden\" name=\"_wpcf7_container_post\" value=\"0\" \/><input type=\"hidden\" name=\"_wpcf7_posted_data_hash\" value=\"\" \/><input type=\"hidden\" name=\"_wpcf7_recaptcha_response\" value=\"\" \/>\n<\/fieldset>\n<div class=\"contact-form-group\">\n\t<div class=\"row\">\n\t\t<div class=\"col-md-12\">\n\t\t\t<div class=\"form-group\">\n\t\t\t\t<p><label>Bitte w\u00e4hle eine Option<\/label><br \/>\n<span class=\"wpcf7-form-control-wrap\" data-name=\"TipoProfesional\"><select class=\"wpcf7-form-control wpcf7-select wpcf7-validates-as-required form-group\" id=\"profesional\" aria-required=\"true\" aria-invalid=\"false\" name=\"TipoProfesional\"><option value=\"Besondere\">Besondere<\/option><option value=\"Unternehmen\">Unternehmen<\/option><\/select><\/span>\n\t\t\t\t<\/p>\n\t\t\t<\/div>\n\t\t<\/div>\n\t\t<div class=\"col-md-6\">\n\t\t\t<div class=\"form-group\">\n\t\t\t\t<p><label>Name:<\/label><br \/>\n<span class=\"wpcf7-form-control-wrap\" data-name=\"nombre\"><input size=\"40\" maxlength=\"400\" class=\"wpcf7-form-control wpcf7-text wpcf7-validates-as-required\" aria-required=\"true\" aria-invalid=\"false\" value=\"\" type=\"text\" name=\"nombre\" \/><\/span>\n\t\t\t\t<\/p>\n\t\t\t<\/div>\n\t\t<\/div>\n\t\t<div class=\"col-md-6\">\n\t\t\t<div class=\"form-group\">\n\t\t\t\t<p><label>Telefon:<\/label><br \/>\n<span class=\"wpcf7-form-control-wrap\" data-name=\"telefono\"><input size=\"40\" maxlength=\"400\" class=\"wpcf7-form-control wpcf7-tel wpcf7-validates-as-required wpcf7-text wpcf7-validates-as-tel\" aria-required=\"true\" aria-invalid=\"false\" value=\"\" type=\"tel\" name=\"telefono\" \/><\/span>\n\t\t\t\t<\/p>\n\t\t\t<\/div>\n\t\t<\/div>\n\t\t<div class=\"col-md-12\">\n\t\t\t<div class=\"form-group\">\n\t\t\t\t<p><label>Email:<\/label><br \/>\n<span class=\"wpcf7-form-control-wrap\" data-name=\"email\"><input size=\"40\" maxlength=\"400\" class=\"wpcf7-form-control wpcf7-email wpcf7-validates-as-required wpcf7-text wpcf7-validates-as-email\" aria-required=\"true\" aria-invalid=\"false\" value=\"\" type=\"email\" name=\"email\" \/><\/span>\n\t\t\t\t<\/p>\n\t\t\t<\/div>\n\t\t<\/div>\n\t\t<div class=\"col-md-12\">\n\t\t\t<div class=\"form-group\">\n\t\t\t\t<p><label>Kommentar:<\/label><br \/>\n<span class=\"wpcf7-form-control-wrap\" data-name=\"mensaje\"><textarea cols=\"40\" rows=\"10\" maxlength=\"2000\" class=\"wpcf7-form-control wpcf7-textarea wpcf7-validates-as-required\" aria-required=\"true\" aria-invalid=\"false\" name=\"mensaje\"><\/textarea><\/span>\n\t\t\t\t<\/p>\n\t\t\t<\/div>\n\t\t<\/div>\n\t\t<div class=\"col-md-12\">\n\t\t\t<div class=\"form-group\">\n\t\t\t\t<p><span class=\"wpcf7-form-control-wrap\" data-name=\"acepto\"><span class=\"wpcf7-form-control wpcf7-acceptance\"><span class=\"wpcf7-list-item\"><label><input type=\"checkbox\" name=\"acepto\" value=\"1\" aria-invalid=\"false\" \/><span class=\"wpcf7-list-item-label\">Ich habe gelesen und akzeptiere die <a href=\"\/de\/datenschutz\/\" target=\"_black\">Datenschutz<\/a><\/span><\/label><\/span><\/span><\/span>\n\t\t\t\t<\/p>\n\t\t\t<\/div>\n\t\t<\/div>\n\t\t<div class=\"col-md-12\">\n\t\t\t<div class=\"form-group text-right\">\n\t\t\t\t<p><input class=\"wpcf7-form-control wpcf7-submit has-spinner btn-action\" type=\"submit\" value=\"Senden\" \/>\n\t\t\t\t<\/p>\n\t\t\t<\/div>\n\t\t<\/div>\n\t<\/div>\n<\/div><div class=\"wpcf7-response-output\" aria-hidden=\"true\"><\/div>\n<\/form>\n<\/div>\n\n<\/div>\n<\/div>\n\n\n\n<hr class=\"wp-block-separator has-css-opacity\"\/>\n\n\n\n<p>Unsere Fabrik befindet sich im Industriegebiet Romica in <a href=\"https:\/\/www.google.com\/maps\/dir\/\/ljtopwood\/data=!4m6!4m5!1m1!4e2!1m2!1m1!1s0xd6658ab9363c8d1:0xb7c3530fb883214b\">Albacete in Spanien.<\/a><\/p>\n\n\n\n<p><strong>\u00d6ffnungszeiten:<\/strong><br>Montag &#8211; Freitag 07:00 &#8211; 15:00 Uhr<\/p>\n\n\n\n<iframe src=\"https:\/\/www.google.com\/maps\/embed?pb=!1m14!1m8!1m3!1d49566.973601547455!2d-1.864773935346867!3d39.06237606771685!3m2!1i1024!2i768!4f13.1!3m3!1m2!1s0x0%3A0xb7c3530fb883214b!2sL%26J%20TopWood!5e0!3m2!1ses!2ses!4v1622650591910!5m2!1ses!2ses\" width=\"100%\" height=\"600\" style=\"border:0;\" allowfullscreen=\"\" loading=\"lazy\"><\/iframe>\n","protected":false},"excerpt":{"rendered":"<p>Bei L&amp;J Topwood sind wir Spezialisten f\u00fcr die Herstellung von Produkten aus massivem Eichen- und ged\u00e4mpften Buchenholz, aber wir bearbeiten auch oft mit harzigen H\u00f6lzern wie Kiefer oder tropischen H\u00f6lzern wie Ayous, Iroko, Sapele usw.; Z\u00f6gern Sie daher nicht, uns zu kontaktieren, falls Sie eines unserer Produkte in einer anderen Holzart ben\u00f6tigen, da wir alle [&hellip;]<\/p>\n","protected":false},"author":3,"featured_media":0,"parent":0,"menu_order":0,"comment_status":"closed","ping_status":"closed","template":"","meta":{"_acf_changed":false,"_genesis_hide_title":false,"_genesis_hide_breadcrumbs":false,"_genesis_hide_singular_image":false,"_genesis_hide_footer_widgets":false,"_genesis_custom_body_class":"","_genesis_custom_post_class":"","_genesis_layout":"","footnotes":""},"class_list":{"0":"post-4764","1":"page","2":"type-page","3":"status-publish","5":"entry"},"acf":[],"_links":{"self":[{"href":"https:\/\/www.ljtopwood.com\/de\/wp-json\/wp\/v2\/pages\/4764","targetHints":{"allow":["GET"]}}],"collection":[{"href":"https:\/\/www.ljtopwood.com\/de\/wp-json\/wp\/v2\/pages"}],"about":[{"href":"https:\/\/www.ljtopwood.com\/de\/wp-json\/wp\/v2\/types\/page"}],"author":[{"embeddable":true,"href":"https:\/\/www.ljtopwood.com\/de\/wp-json\/wp\/v2\/users\/3"}],"replies":[{"embeddable":true,"href":"https:\/\/www.ljtopwood.com\/de\/wp-json\/wp\/v2\/comments?post=4764"}],"version-history":[{"count":0,"href":"https:\/\/www.ljtopwood.com\/de\/wp-json\/wp\/v2\/pages\/4764\/revisions"}],"wp:attachment":[{"href":"https:\/\/www.ljtopwood.com\/de\/wp-json\/wp\/v2\/media?parent=4764"}],"curies":[{"name":"wp","href":"https:\/\/api.w.org\/{rel}","templated":true}]}}